{"id":55,"date":"2021-05-12T17:45:36","date_gmt":"2021-05-12T17:45:36","guid":{"rendered":"http:\/\/henriqueapparicioadvbr.dotwork.dominiotemporario.com\/wp\/?page_id=55"},"modified":"2021-05-17T13:51:35","modified_gmt":"2021-05-17T16:51:35","slug":"imobiliario","status":"publish","type":"page","link":"http:\/\/www.henriqueapparicio.adv.br\/wp\/?page_id=55","title":{"rendered":"Imobili\u00e1rio"},"content":{"rendered":"\n<p>Nossos profissionais possuem ampla experi\u00eancia na \u00e1rea do Direito Imobili\u00e1rio.<\/p>\n\n\n\n<p>Dentre os servi\u00e7os oferecidos podemos destacar:<\/p>\n\n\n\n<ul class=\"wp-block-list\"><li>Elabora\u00e7\u00e3o, An\u00e1lise e Execu\u00e7\u00e3o de contratos de Alugu\u00e9is;<\/li><li>Elabora\u00e7\u00e3o, An\u00e1lise e Execu\u00e7\u00e3o de contratos de Compra, Venda e Permuta;<\/li><li>Elabora\u00e7\u00e3o, An\u00e1lise e Execu\u00e7\u00e3o de contratos de Arrendamento e Comodato;<\/li><li>Renova\u00e7\u00e3o de Loca\u00e7\u00e3o;<\/li><li>Assessoria em loca\u00e7\u00f5es comerciais e de longo prazo;<\/li><li>Assessoria na compra e venda de im\u00f3veis;<\/li><li>Imiss\u00e3o, Turba\u00e7\u00e3o e Reintegra\u00e7\u00e3o de posse;<\/li><li>Usucapi\u00e3o;<\/li><li>Interdito Proibit\u00f3rio;<\/li><li>Defesa processuais.<\/li><\/ul>\n\n\n\n<p>Nosso servi\u00e7os s\u00e3o oferecidos n\u00e3o somente para o destinat\u00e1rio final como tamb\u00e9m para imobili\u00e1rias que n\u00e3o disp\u00f5e de corpo jur\u00eddico pr\u00f3prio.<\/p>\n\n\n\n<p>Especialmente para imobili\u00e1rias e administradoras de bens pr\u00f3prios temos pacotes de horas mensais cuja cobran\u00e7a visa permitir a previsibilidade dos gastos de modo a comod\u00e1-los no fluxo de caixa da empresa, sem sobressaltos imprevistos.<\/p>\n","protected":false},"excerpt":{"rendered":"<p>Nossos profissionais possuem ampla experi\u00eancia na \u00e1rea do Direito Imobili\u00e1rio. Dentre os servi\u00e7os oferecidos podemos destacar: Elabora\u00e7\u00e3o, An\u00e1lise e Execu\u00e7\u00e3o de contratos de Alugu\u00e9is; Elabora\u00e7\u00e3o, An\u00e1lise e Execu\u00e7\u00e3o de contratos de Compra, Venda e Permuta; Elabora\u00e7\u00e3o, An\u00e1lise e Execu\u00e7\u00e3o de contratos de Arrendamento e Comodato; Renova\u00e7\u00e3o de Loca\u00e7\u00e3o; Assessoria em loca\u00e7\u00f5es comerciais e de longo<\/p><\/div>\n<div class=\"blog-btn\"><a href=\"http:\/\/www.henriqueapparicio.adv.br\/wp\/?page_id=55\" class=\"home-blog-btn\">Ler mais<\/a><\/p>\n","protected":false},"author":1,"featured_media":0,"parent":14,"menu_order":0,"comment_status":"closed","ping_status":"closed","template":"","meta":{"footnotes":""},"class_list":["post-55","page","type-page","status-publish","hentry"],"jetpack_sharing_enabled":true,"_links":{"self":[{"href":"http:\/\/www.henriqueapparicio.adv.br\/wp\/index.php?rest_route=\/wp\/v2\/pages\/55","targetHints":{"allow":["GET"]}}],"collection":[{"href":"http:\/\/www.henriqueapparicio.adv.br\/wp\/index.php?rest_route=\/wp\/v2\/pages"}],"about":[{"href":"http:\/\/www.henriqueapparicio.adv.br\/wp\/index.php?rest_route=\/wp\/v2\/types\/page"}],"author":[{"embeddable":true,"href":"http:\/\/www.henriqueapparicio.adv.br\/wp\/index.php?rest_route=\/wp\/v2\/users\/1"}],"replies":[{"embeddable":true,"href":"http:\/\/www.henriqueapparicio.adv.br\/wp\/index.php?rest_route=%2Fwp%2Fv2%2Fcomments&post=55"}],"version-history":[{"count":3,"href":"http:\/\/www.henriqueapparicio.adv.br\/wp\/index.php?rest_route=\/wp\/v2\/pages\/55\/revisions"}],"predecessor-version":[{"id":170,"href":"http:\/\/www.henriqueapparicio.adv.br\/wp\/index.php?rest_route=\/wp\/v2\/pages\/55\/revisions\/170"}],"up":[{"embeddable":true,"href":"http:\/\/www.henriqueapparicio.adv.br\/wp\/index.php?rest_route=\/wp\/v2\/pages\/14"}],"wp:attachment":[{"href":"http:\/\/www.henriqueapparicio.adv.br\/wp\/index.php?rest_route=%2Fwp%2Fv2%2Fmedia&parent=55"}],"curies":[{"name":"wp","href":"https:\/\/api.w.org\/{rel}","templated":true}]}}