{"id":5,"date":"2021-05-12T14:32:02","date_gmt":"2021-05-12T14:32:02","guid":{"rendered":"http:\/\/henriqueapparicioadvbr.dotwork.dominiotemporario.com\/wp\/?page_id=5"},"modified":"2021-05-19T16:56:09","modified_gmt":"2021-05-19T19:56:09","slug":"inicial","status":"publish","type":"page","link":"http:\/\/www.henriqueapparicio.adv.br\/wp\/","title":{"rendered":"Inicial"},"content":{"rendered":"\n<p>Somos um escrit\u00f3rio de Advocacia estabelecido desde 2013 no munic\u00edpio de Carapicu\u00edba, hoje contamos tamb\u00e9m com unidades de atendimento em Alphaville e Osasco.<\/p>\n\n\n\n<p>Nossa miss\u00e3o \u00e9 prestar servi\u00e7os jur\u00eddicos de excel\u00eancia com comprometimento, respeito e fidelidade ao cliente.<\/p>\n\n\n\n<p>Nosso escrit\u00f3rio, possui advogados especialistas nas \u00e1reas C\u00edvel e Trabalhista.<\/p>\n\n\n\n<p>Dentro de nossas especialidades podemos destacar:<\/p>\n\n\n\n<p><\/p>\n\n\n\n<div class=\"wp-block-columns is-layout-flex wp-container-core-columns-is-layout-9d6595d7 wp-block-columns-is-layout-flex\">\n<div class=\"wp-block-column is-layout-flow wp-block-column-is-layout-flow\">\n<p><strong>Direito C\u00edvel<\/strong><\/p>\n\n\n\n<ul class=\"wp-block-list\"><li>Contratos;<\/li><li>Elabora\u00e7\u00e3o, revis\u00e3o e execu\u00e7\u00e3o;<\/li><li>Obriga\u00e7\u00f5es, positivas e negativas;<\/li><li>Execu\u00e7\u00f5es, contratos, cheques, promiss\u00f3rias; <\/li><li>Repara\u00e7\u00e3o de danos, morais, materiais e est\u00e9ticos;<\/li><li>Liminares de todas as esp\u00e9cies;<\/li><li>A\u00e7\u00f5es e contesta\u00e7\u00f5es trabalhistas;<\/li><li>Elabora\u00e7\u00e3o de memoriais e pareceres;<\/li><li>Recursos de todas as esp\u00e9cies.<\/li><\/ul>\n\n\n\n<p><\/p>\n<\/div>\n\n\n\n<div class=\"wp-block-column is-layout-flow wp-block-column-is-layout-flow\">\n<p><strong>Direito de Fam\u00edlia.<\/strong><\/p>\n\n\n\n<ul class=\"wp-block-list\"><li>Reconhecimento e dissolu\u00e7\u00e3o de uni\u00e3o est\u00e1vel;<\/li><li>Div\u00f3rcio, consensual e litigioso, judicial e extrajudicial;<\/li><li>Alimentos, fixa\u00e7\u00e3o, exonera\u00e7\u00e3o e revisionais;<\/li><li>&nbsp;Invent\u00e1rios e partilhas;<\/li><li>Guarda e Visitas, regulamenta\u00e7\u00e3o e revisionais;<\/li><li>Tutelas e Curatelas;<\/li><li>Anulat\u00f3rias de todas as esp\u00e9cies.<\/li><\/ul>\n\n\n\n<p><\/p>\n<\/div>\n\n\n\n<div class=\"wp-block-column is-layout-flow wp-block-column-is-layout-flow\">\n<p><strong>Direito Imobili\u00e1rio.<\/strong><\/p>\n\n\n\n<ul class=\"wp-block-list\"><li>Usucapi\u00e3o, judicial e extrajudicial;<\/li><li>Despejos e cobran\u00e7as de alugueis;<\/li><li>Reintegra\u00e7\u00e3o e turba\u00e7\u00e3o de posse;<\/li><li>Imiss\u00e3o na posse;<\/li><li>Direito condominial para s\u00edndicos e cond\u00f4minos;<\/li><li>Elabora\u00e7\u00e3o de atas de assembleia, pareceres e auxilio na constru\u00e7\u00e3o e altera\u00e7\u00e3o de regimento interno e conven\u00e7\u00e3o de condom\u00ednio.<\/li><\/ul>\n\n\n\n<p><\/p>\n<\/div>\n<\/div>\n\n\n\n<p>Trabalhamos tanto com clientes avulsos quanto com pacotes de horas mensais para empresas.<\/p>\n\n\n\n<p>Priorizamos o atendimento humanizado e com excel\u00eancia t\u00e9cnica analisando individualmente cada caso.<\/p>\n","protected":false},"excerpt":{"rendered":"<p>Somos um escrit\u00f3rio de Advocacia estabelecido desde 2013 no munic\u00edpio de Carapicu\u00edba, hoje contamos tamb\u00e9m com unidades de atendimento em Alphaville e Osasco. Nossa miss\u00e3o \u00e9 prestar servi\u00e7os jur\u00eddicos de excel\u00eancia com comprometimento, respeito e fidelidade ao cliente. Nosso escrit\u00f3rio, possui advogados especialistas nas \u00e1reas C\u00edvel e Trabalhista. Dentro de nossas especialidades podemos destacar: Direito<\/p><\/div>\n<div class=\"blog-btn\"><a href=\"http:\/\/www.henriqueapparicio.adv.br\/wp\/\" class=\"home-blog-btn\">Ler mais<\/a><\/p>\n","protected":false},"author":1,"featured_media":0,"parent":0,"menu_order":0,"comment_status":"closed","ping_status":"closed","template":"","meta":{"footnotes":""},"class_list":["post-5","page","type-page","status-publish","hentry"],"jetpack_sharing_enabled":true,"_links":{"self":[{"href":"http:\/\/www.henriqueapparicio.adv.br\/wp\/index.php?rest_route=\/wp\/v2\/pages\/5","targetHints":{"allow":["GET"]}}],"collection":[{"href":"http:\/\/www.henriqueapparicio.adv.br\/wp\/index.php?rest_route=\/wp\/v2\/pages"}],"about":[{"href":"http:\/\/www.henriqueapparicio.adv.br\/wp\/index.php?rest_route=\/wp\/v2\/types\/page"}],"author":[{"embeddable":true,"href":"http:\/\/www.henriqueapparicio.adv.br\/wp\/index.php?rest_route=\/wp\/v2\/users\/1"}],"replies":[{"embeddable":true,"href":"http:\/\/www.henriqueapparicio.adv.br\/wp\/index.php?rest_route=%2Fwp%2Fv2%2Fcomments&post=5"}],"version-history":[{"count":7,"href":"http:\/\/www.henriqueapparicio.adv.br\/wp\/index.php?rest_route=\/wp\/v2\/pages\/5\/revisions"}],"predecessor-version":[{"id":208,"href":"http:\/\/www.henriqueapparicio.adv.br\/wp\/index.php?rest_route=\/wp\/v2\/pages\/5\/revisions\/208"}],"wp:attachment":[{"href":"http:\/\/www.henriqueapparicio.adv.br\/wp\/index.php?rest_route=%2Fwp%2Fv2%2Fmedia&parent=5"}],"curies":[{"name":"wp","href":"https:\/\/api.w.org\/{rel}","templated":true}]}}