{"id":49,"date":"2021-05-12T17:42:46","date_gmt":"2021-05-12T17:42:46","guid":{"rendered":"http:\/\/henriqueapparicioadvbr.dotwork.dominiotemporario.com\/wp\/?page_id=49"},"modified":"2021-05-17T13:49:58","modified_gmt":"2021-05-17T16:49:58","slug":"compliance","status":"publish","type":"page","link":"http:\/\/www.henriqueapparicio.adv.br\/wp\/?page_id=49","title":{"rendered":"Compliance"},"content":{"rendered":"\n<p>A aplica\u00e7\u00e3o do compliance trabalhista \u00e9 essencial como ferramenta para preven\u00e7\u00e3o dos riscos na gest\u00e3o da empresa com seus colaboradores, seus prestadores de servi\u00e7os, com os sindicatos, com os \u00f3rg\u00e3os reguladores e fiscalizadores do trabalho, prestamos consultoria e implantamos o Compliance Trabalhista in loco em sua empresa, pois contamos com profissionais gabaritados para entender o seu neg\u00f3cio e garantir o fiel cumprimento da lei com pr\u00e1ticas de profissionaliza\u00e7\u00e3o e governan\u00e7a corporativa, sempre em conformidade do ordenamento jur\u00eddico vigente e regras de seguran\u00e7a do trabalho, servi\u00e7o de Compliance Trabalhista busca trazer uma rotina de padroniza\u00e7\u00e3o para dentro do ambiente corporativo, aproximando teoria e pr\u00e1tica.<\/p>\n\n\n\n<p>Nosso escrit\u00f3rio conta com profissionais experientes para atender tamb\u00e9m as seguintes demandas no compliance trabalhista:<\/p>\n\n\n\n<ul class=\"wp-block-list\"><li>Tratar o Ass\u00e9dio Moral, Ass\u00e9dio sexual e Ass\u00e9dio Organizacional;<\/li><li>Tratar Diversidade de G\u00eanero;<\/li><li>Detalhar a nova legisla\u00e7\u00e3o trabalhista brasileira com olhar do Compliance \u2013 Terceiriza\u00e7\u00e3o;<\/li><li>Aprofundar os conhecimentos do Compliance em RH, Gest\u00e3o de pessoas;<\/li><li>Preparar os profissionais de Recursos Humanos e Departamento Pessoal para a gest\u00e3o de Compliance visando atua\u00e7\u00e3o preventiva;<\/li><li>Ampliar a vis\u00e3o do mercado com ferramentas de atua\u00e7\u00e3o direta em RH e Rela\u00e7\u00f5es de trabalho e sindical<\/li><\/ul>\n","protected":false},"excerpt":{"rendered":"<p>A aplica\u00e7\u00e3o do compliance trabalhista \u00e9 essencial como ferramenta para preven\u00e7\u00e3o dos riscos na gest\u00e3o da empresa com seus colaboradores, seus prestadores de servi\u00e7os, com os sindicatos, com os \u00f3rg\u00e3os reguladores e fiscalizadores do trabalho, prestamos consultoria e implantamos o Compliance Trabalhista in loco em sua empresa, pois contamos com profissionais gabaritados para entender o<\/p><\/div>\n<div class=\"blog-btn\"><a href=\"http:\/\/www.henriqueapparicio.adv.br\/wp\/?page_id=49\" class=\"home-blog-btn\">Ler mais<\/a><\/p>\n","protected":false},"author":1,"featured_media":0,"parent":47,"menu_order":3,"comment_status":"closed","ping_status":"closed","template":"","meta":{"footnotes":""},"class_list":["post-49","page","type-page","status-publish","hentry"],"jetpack_sharing_enabled":true,"_links":{"self":[{"href":"http:\/\/www.henriqueapparicio.adv.br\/wp\/index.php?rest_route=\/wp\/v2\/pages\/49","targetHints":{"allow":["GET"]}}],"collection":[{"href":"http:\/\/www.henriqueapparicio.adv.br\/wp\/index.php?rest_route=\/wp\/v2\/pages"}],"about":[{"href":"http:\/\/www.henriqueapparicio.adv.br\/wp\/index.php?rest_route=\/wp\/v2\/types\/page"}],"author":[{"embeddable":true,"href":"http:\/\/www.henriqueapparicio.adv.br\/wp\/index.php?rest_route=\/wp\/v2\/users\/1"}],"replies":[{"embeddable":true,"href":"http:\/\/www.henriqueapparicio.adv.br\/wp\/index.php?rest_route=%2Fwp%2Fv2%2Fcomments&post=49"}],"version-history":[{"count":2,"href":"http:\/\/www.henriqueapparicio.adv.br\/wp\/index.php?rest_route=\/wp\/v2\/pages\/49\/revisions"}],"predecessor-version":[{"id":168,"href":"http:\/\/www.henriqueapparicio.adv.br\/wp\/index.php?rest_route=\/wp\/v2\/pages\/49\/revisions\/168"}],"up":[{"embeddable":true,"href":"http:\/\/www.henriqueapparicio.adv.br\/wp\/index.php?rest_route=\/wp\/v2\/pages\/47"}],"wp:attachment":[{"href":"http:\/\/www.henriqueapparicio.adv.br\/wp\/index.php?rest_route=%2Fwp%2Fv2%2Fmedia&parent=49"}],"curies":[{"name":"wp","href":"https:\/\/api.w.org\/{rel}","templated":true}]}}