{"id":47,"date":"2021-05-12T17:41:31","date_gmt":"2021-05-12T17:41:31","guid":{"rendered":"http:\/\/henriqueapparicioadvbr.dotwork.dominiotemporario.com\/wp\/?page_id=47"},"modified":"2021-05-12T17:41:31","modified_gmt":"2021-05-12T17:41:31","slug":"trabalhista","status":"publish","type":"page","link":"http:\/\/www.henriqueapparicio.adv.br\/wp\/?page_id=47","title":{"rendered":"Trabalhista"},"content":{"rendered":"\n<p>Nosso escrit\u00f3rio tem vasta experi\u00eancia na atua\u00e7\u00e3o do Direito do trabalho.<\/p>\n\n\n\n<p>Atendemos as necessidades dos clientes tanto no preventivo que envolve o compliance trabalhista, quanto no consultivo trabalhista.<\/p>\n\n\n\n<p>Atuamos tanto no judici\u00e1rio quanto nos \u00f3rg\u00e3os oficiais do trabalho para melhor atender os interesses do nossos clientes pessoa f\u00edsica ou pessoa jur\u00eddica.<\/p>\n\n\n\n<p>Nossa atua\u00e7\u00e3o na esfera trabalhista est\u00e1 voltada para a correta observ\u00e2ncia da lei, para a autocomposi\u00e7\u00e3o das partes a fim de tornar branda a conviv\u00eancia entre empregados e empregadores, desafogando dessa forma o judici\u00e1rio.<\/p>\n","protected":false},"excerpt":{"rendered":"<p>Nosso escrit\u00f3rio tem vasta experi\u00eancia na atua\u00e7\u00e3o do Direito do trabalho. Atendemos as necessidades dos clientes tanto no preventivo que envolve o compliance trabalhista, quanto no consultivo trabalhista. Atuamos tanto no judici\u00e1rio quanto nos \u00f3rg\u00e3os oficiais do trabalho para melhor atender os interesses do nossos clientes pessoa f\u00edsica ou pessoa jur\u00eddica. Nossa atua\u00e7\u00e3o na esfera<\/p><\/div>\n<div class=\"blog-btn\"><a href=\"http:\/\/www.henriqueapparicio.adv.br\/wp\/?page_id=47\" class=\"home-blog-btn\">Ler mais<\/a><\/p>\n","protected":false},"author":1,"featured_media":0,"parent":37,"menu_order":0,"comment_status":"closed","ping_status":"closed","template":"","meta":{"footnotes":""},"class_list":["post-47","page","type-page","status-publish","hentry"],"jetpack_sharing_enabled":true,"_links":{"self":[{"href":"http:\/\/www.henriqueapparicio.adv.br\/wp\/index.php?rest_route=\/wp\/v2\/pages\/47","targetHints":{"allow":["GET"]}}],"collection":[{"href":"http:\/\/www.henriqueapparicio.adv.br\/wp\/index.php?rest_route=\/wp\/v2\/pages"}],"about":[{"href":"http:\/\/www.henriqueapparicio.adv.br\/wp\/index.php?rest_route=\/wp\/v2\/types\/page"}],"author":[{"embeddable":true,"href":"http:\/\/www.henriqueapparicio.adv.br\/wp\/index.php?rest_route=\/wp\/v2\/users\/1"}],"replies":[{"embeddable":true,"href":"http:\/\/www.henriqueapparicio.adv.br\/wp\/index.php?rest_route=%2Fwp%2Fv2%2Fcomments&post=47"}],"version-history":[{"count":1,"href":"http:\/\/www.henriqueapparicio.adv.br\/wp\/index.php?rest_route=\/wp\/v2\/pages\/47\/revisions"}],"predecessor-version":[{"id":48,"href":"http:\/\/www.henriqueapparicio.adv.br\/wp\/index.php?rest_route=\/wp\/v2\/pages\/47\/revisions\/48"}],"up":[{"embeddable":true,"href":"http:\/\/www.henriqueapparicio.adv.br\/wp\/index.php?rest_route=\/wp\/v2\/pages\/37"}],"wp:attachment":[{"href":"http:\/\/www.henriqueapparicio.adv.br\/wp\/index.php?rest_route=%2Fwp%2Fv2%2Fmedia&parent=47"}],"curies":[{"name":"wp","href":"https:\/\/api.w.org\/{rel}","templated":true}]}}