{"id":43,"date":"2021-05-12T15:53:17","date_gmt":"2021-05-12T15:53:17","guid":{"rendered":"http:\/\/henriqueapparicioadvbr.dotwork.dominiotemporario.com\/wp\/?page_id=43"},"modified":"2021-05-12T15:56:35","modified_gmt":"2021-05-12T15:56:35","slug":"execucoes-de-titulo-extrajudicial","status":"publish","type":"page","link":"http:\/\/www.henriqueapparicio.adv.br\/wp\/?page_id=43","title":{"rendered":"Execu\u00e7\u00f5es de T\u00edtulo Extrajudicial"},"content":{"rendered":"\n<p>O campo da execu\u00e7\u00f5es existe quando a obriga\u00e7\u00e3o \u00e9 certa, l\u00edquida e exig\u00edvel. Dentre os quais podemos destacar:<\/p>\n\n\n\n<ul class=\"wp-block-list\"><li>Cheques;<\/li><li>Notas promiss\u00f3rias;<\/li><li>Duplicatas;<\/li><li>Letra de c\u00e2mbio;<\/li><li>Deb\u00eanture;<\/li><li>Escritura p\u00fablica ou outro documento p\u00fablico assinado pelo devedor;<\/li><li>Documento particular assinado pelo devedor e por 2(duas) testemunhas;<\/li><li>Contratos garantidos por hipoteca, penhor ou anticrese;<\/li><li>Contratos com garantida de direito real ou garantido por cau\u00e7\u00e3o;<\/li><li>Cr\u00e9ditos decorrentes de contrato de loca\u00e7\u00e3o;<\/li><li>Cr\u00e9ditos decorrentes de taxas condominiais, desde que prevista sua executabilidade por ata de assembl\u00e9ia.<\/li><\/ul>\n\n\n\n<p>Quando h\u00e1 executabilidade do titulo, abrevia-se o processo judicial, tendo em vista que \u00e9 dispensada a fase de conhecimento, iniciando-se o processo j\u00e1 na fase de contri\u00e7\u00e3o patrimonial, volunt\u00e1ria e ap\u00f3s apenas 15 dias, constri\u00e7\u00e3o coercitiva.<\/p>\n\n\n\n<p>Nosso escrit\u00f3rio est\u00e1 preparado para esclarecer quaisquer d\u00favidas sobre o seu t\u00edtulo!!!<\/p>\n","protected":false},"excerpt":{"rendered":"<p>O campo da execu\u00e7\u00f5es existe quando a obriga\u00e7\u00e3o \u00e9 certa, l\u00edquida e exig\u00edvel. Dentre os quais podemos destacar: Cheques; Notas promiss\u00f3rias; Duplicatas; Letra de c\u00e2mbio; Deb\u00eanture; Escritura p\u00fablica ou outro documento p\u00fablico assinado pelo devedor; Documento particular assinado pelo devedor e por 2(duas) testemunhas; Contratos garantidos por hipoteca, penhor ou anticrese; Contratos com garantida de<\/p><\/div>\n<div class=\"blog-btn\"><a href=\"http:\/\/www.henriqueapparicio.adv.br\/wp\/?page_id=43\" class=\"home-blog-btn\">Ler mais<\/a><\/p>\n","protected":false},"author":1,"featured_media":0,"parent":14,"menu_order":3,"comment_status":"closed","ping_status":"closed","template":"","meta":{"footnotes":""},"class_list":["post-43","page","type-page","status-publish","hentry"],"jetpack_sharing_enabled":true,"_links":{"self":[{"href":"http:\/\/www.henriqueapparicio.adv.br\/wp\/index.php?rest_route=\/wp\/v2\/pages\/43","targetHints":{"allow":["GET"]}}],"collection":[{"href":"http:\/\/www.henriqueapparicio.adv.br\/wp\/index.php?rest_route=\/wp\/v2\/pages"}],"about":[{"href":"http:\/\/www.henriqueapparicio.adv.br\/wp\/index.php?rest_route=\/wp\/v2\/types\/page"}],"author":[{"embeddable":true,"href":"http:\/\/www.henriqueapparicio.adv.br\/wp\/index.php?rest_route=\/wp\/v2\/users\/1"}],"replies":[{"embeddable":true,"href":"http:\/\/www.henriqueapparicio.adv.br\/wp\/index.php?rest_route=%2Fwp%2Fv2%2Fcomments&post=43"}],"version-history":[{"count":1,"href":"http:\/\/www.henriqueapparicio.adv.br\/wp\/index.php?rest_route=\/wp\/v2\/pages\/43\/revisions"}],"predecessor-version":[{"id":44,"href":"http:\/\/www.henriqueapparicio.adv.br\/wp\/index.php?rest_route=\/wp\/v2\/pages\/43\/revisions\/44"}],"up":[{"embeddable":true,"href":"http:\/\/www.henriqueapparicio.adv.br\/wp\/index.php?rest_route=\/wp\/v2\/pages\/14"}],"wp:attachment":[{"href":"http:\/\/www.henriqueapparicio.adv.br\/wp\/index.php?rest_route=%2Fwp%2Fv2%2Fmedia&parent=43"}],"curies":[{"name":"wp","href":"https:\/\/api.w.org\/{rel}","templated":true}]}}