{"id":41,"date":"2021-05-12T15:51:59","date_gmt":"2021-05-12T15:51:59","guid":{"rendered":"http:\/\/henriqueapparicioadvbr.dotwork.dominiotemporario.com\/wp\/?page_id=41"},"modified":"2021-05-17T13:53:34","modified_gmt":"2021-05-17T16:53:34","slug":"familia-e-sucessoes","status":"publish","type":"page","link":"http:\/\/www.henriqueapparicio.adv.br\/wp\/?page_id=41","title":{"rendered":"Fam\u00edlia e Sucess\u00f5es"},"content":{"rendered":"\n<p>O\u00a0ramo do Direito de Fam\u00edlia\u00a0est\u00e1 envolvido com quest\u00f5es relacionadas ao \u00e2mbito das rela\u00e7\u00f5es familiares, por isso nos dedicamos com humanidade e compreens\u00e3o para melhor atender nossos clientes, transmitindo seguran\u00e7a e confiabilidade em nossas a\u00e7\u00f5es.<\/p>\n\n\n\n<p>Atuamos tanto nos casos litigiosos, ou seja, aqueles que envolvem o Poder Judici\u00e1rio, quanto nos casos de acordos extrajudiciais, aqueles realizados em cart\u00f3rios que necessitam da representa\u00e7\u00e3o de Advogado e prestamos consultorias para esclarecimentos de poss\u00edveis d\u00favidas, nos seguintes casos:<\/p>\n\n\n\n<p>\u2022 Div\u00f3rcio;<br><br>\u2022 Pens\u00e3o aliment\u00edcia;<\/p>\n\n\n\n<p>\u2022 Guarda de filhos;<\/p>\n\n\n\n<p>\u2022 Regime de visita\u00e7\u00e3o;<\/p>\n\n\n\n<p>\u2022 Partilha de bens;<\/p>\n\n\n\n<p>\u2022 Uni\u00e3o est\u00e1vel;<\/p>\n\n\n\n<p>\u2022 Acordos pr\u00e9-nupciais;<\/p>\n\n\n\n<p>\u2022 Invent\u00e1rio;<\/p>\n\n\n\n<p>\u2022 Testamento;<\/p>\n\n\n\n<p>\u2022 Doa\u00e7\u00e3o de bens;<\/p>\n\n\n\n<p>\u2022 Ado\u00e7\u00e3o;<\/p>\n\n\n\n<p>\u2022 Investiga\u00e7\u00e3o de paternidade, etc.<\/p>\n","protected":false},"excerpt":{"rendered":"<p>O\u00a0ramo do Direito de Fam\u00edlia\u00a0est\u00e1 envolvido com quest\u00f5es relacionadas ao \u00e2mbito das rela\u00e7\u00f5es familiares, por isso nos dedicamos com humanidade e compreens\u00e3o para melhor atender nossos clientes, transmitindo seguran\u00e7a e confiabilidade em nossas a\u00e7\u00f5es. Atuamos tanto nos casos litigiosos, ou seja, aqueles que envolvem o Poder Judici\u00e1rio, quanto nos casos de acordos extrajudiciais, aqueles realizados<\/p><\/div>\n<div class=\"blog-btn\"><a href=\"http:\/\/www.henriqueapparicio.adv.br\/wp\/?page_id=41\" class=\"home-blog-btn\">Ler mais<\/a><\/p>\n","protected":false},"author":1,"featured_media":0,"parent":14,"menu_order":1,"comment_status":"closed","ping_status":"closed","template":"","meta":{"footnotes":""},"class_list":["post-41","page","type-page","status-publish","hentry"],"jetpack_sharing_enabled":true,"_links":{"self":[{"href":"http:\/\/www.henriqueapparicio.adv.br\/wp\/index.php?rest_route=\/wp\/v2\/pages\/41","targetHints":{"allow":["GET"]}}],"collection":[{"href":"http:\/\/www.henriqueapparicio.adv.br\/wp\/index.php?rest_route=\/wp\/v2\/pages"}],"about":[{"href":"http:\/\/www.henriqueapparicio.adv.br\/wp\/index.php?rest_route=\/wp\/v2\/types\/page"}],"author":[{"embeddable":true,"href":"http:\/\/www.henriqueapparicio.adv.br\/wp\/index.php?rest_route=\/wp\/v2\/users\/1"}],"replies":[{"embeddable":true,"href":"http:\/\/www.henriqueapparicio.adv.br\/wp\/index.php?rest_route=%2Fwp%2Fv2%2Fcomments&post=41"}],"version-history":[{"count":3,"href":"http:\/\/www.henriqueapparicio.adv.br\/wp\/index.php?rest_route=\/wp\/v2\/pages\/41\/revisions"}],"predecessor-version":[{"id":172,"href":"http:\/\/www.henriqueapparicio.adv.br\/wp\/index.php?rest_route=\/wp\/v2\/pages\/41\/revisions\/172"}],"up":[{"embeddable":true,"href":"http:\/\/www.henriqueapparicio.adv.br\/wp\/index.php?rest_route=\/wp\/v2\/pages\/14"}],"wp:attachment":[{"href":"http:\/\/www.henriqueapparicio.adv.br\/wp\/index.php?rest_route=%2Fwp%2Fv2%2Fmedia&parent=41"}],"curies":[{"name":"wp","href":"https:\/\/api.w.org\/{rel}","templated":true}]}}