{"id":37,"date":"2021-05-12T15:48:36","date_gmt":"2021-05-12T15:48:36","guid":{"rendered":"http:\/\/henriqueapparicioadvbr.dotwork.dominiotemporario.com\/wp\/?page_id=37"},"modified":"2021-05-12T15:48:36","modified_gmt":"2021-05-12T15:48:36","slug":"areas-de-atuacao","status":"publish","type":"page","link":"http:\/\/www.henriqueapparicio.adv.br\/wp\/?page_id=37","title":{"rendered":"\u00c1reas de Atua\u00e7\u00e3o"},"content":{"rendered":"\n<p>\n\nUtilize o menu em cascata para selecionar o link do artigo desejado\n\n<\/p>\n","protected":false},"excerpt":{"rendered":"<p>Utilize o menu em cascata para selecionar o link do artigo desejado<\/p>\n","protected":false},"author":1,"featured_media":0,"parent":0,"menu_order":0,"comment_status":"closed","ping_status":"closed","template":"","meta":{"footnotes":""},"class_list":["post-37","page","type-page","status-publish","hentry"],"jetpack_sharing_enabled":true,"_links":{"self":[{"href":"http:\/\/www.henriqueapparicio.adv.br\/wp\/index.php?rest_route=\/wp\/v2\/pages\/37","targetHints":{"allow":["GET"]}}],"collection":[{"href":"http:\/\/www.henriqueapparicio.adv.br\/wp\/index.php?rest_route=\/wp\/v2\/pages"}],"about":[{"href":"http:\/\/www.henriqueapparicio.adv.br\/wp\/index.php?rest_route=\/wp\/v2\/types\/page"}],"author":[{"embeddable":true,"href":"http:\/\/www.henriqueapparicio.adv.br\/wp\/index.php?rest_route=\/wp\/v2\/users\/1"}],"replies":[{"embeddable":true,"href":"http:\/\/www.henriqueapparicio.adv.br\/wp\/index.php?rest_route=%2Fwp%2Fv2%2Fcomments&post=37"}],"version-history":[{"count":1,"href":"http:\/\/www.henriqueapparicio.adv.br\/wp\/index.php?rest_route=\/wp\/v2\/pages\/37\/revisions"}],"predecessor-version":[{"id":38,"href":"http:\/\/www.henriqueapparicio.adv.br\/wp\/index.php?rest_route=\/wp\/v2\/pages\/37\/revisions\/38"}],"wp:attachment":[{"href":"http:\/\/www.henriqueapparicio.adv.br\/wp\/index.php?rest_route=%2Fwp%2Fv2%2Fmedia&parent=37"}],"curies":[{"name":"wp","href":"https:\/\/api.w.org\/{rel}","templated":true}]}}