{"id":29,"date":"2021-05-12T15:27:27","date_gmt":"2021-05-12T15:27:27","guid":{"rendered":"http:\/\/henriqueapparicioadvbr.dotwork.dominiotemporario.com\/wp\/?page_id=29"},"modified":"2021-05-19T16:49:06","modified_gmt":"2021-05-19T19:49:06","slug":"quem-e-henrique-apparicio","status":"publish","type":"page","link":"http:\/\/www.henriqueapparicio.adv.br\/wp\/?page_id=29","title":{"rendered":"Biografia"},"content":{"rendered":"\n<div class=\"wp-block-columns is-layout-flex wp-container-core-columns-is-layout-9d6595d7 wp-block-columns-is-layout-flex\">\n<div class=\"wp-block-column is-layout-flow wp-block-column-is-layout-flow\" style=\"flex-basis:100%\">\n<div class=\"wp-block-columns is-layout-flex wp-container-core-columns-is-layout-9d6595d7 wp-block-columns-is-layout-flex\"><\/div>\n\n\n\n<div class=\"wp-block-group\"><div class=\"wp-block-group__inner-container is-layout-flow wp-block-group-is-layout-flow\">\n<div class=\"wp-block-media-text alignwide is-stacked-on-mobile\" style=\"grid-template-columns:31% auto\"><figure class=\"wp-block-media-text__media\"><img data-recalc-dims=\"1\" loading=\"lazy\" decoding=\"async\" width=\"432\" height=\"432\" src=\"https:\/\/i0.wp.com\/henriqueapparicioadvbr.dotwork.dominiotemporario.com\/wp\/wp-content\/uploads\/2021\/05\/Henrique-Apparicio-1.jpg?resize=432%2C432\" alt=\"\" class=\"wp-image-194 size-full\" srcset=\"https:\/\/i0.wp.com\/www.henriqueapparicio.adv.br\/wp\/wp-content\/uploads\/2021\/05\/Henrique-Apparicio-1.jpg?w=432 432w, https:\/\/i0.wp.com\/www.henriqueapparicio.adv.br\/wp\/wp-content\/uploads\/2021\/05\/Henrique-Apparicio-1.jpg?resize=300%2C300 300w, https:\/\/i0.wp.com\/www.henriqueapparicio.adv.br\/wp\/wp-content\/uploads\/2021\/05\/Henrique-Apparicio-1.jpg?resize=150%2C150 150w\" sizes=\"auto, (max-width: 432px) 100vw, 432px\" \/><\/figure><div class=\"wp-block-media-text__content\">\n<p class=\"has-large-font-size\">Quem \u00e9 Henrique Apparicio?<\/p>\n<\/div><\/div>\n<\/div><\/div>\n<\/div>\n<\/div>\n\n\n\n<p><\/p>\n\n\n\n<p><br>Nascido na Zona Leste de S\u00e3o Paulo, morou em Guaianases, Vila Carr\u00e3o, Canga\u00edba, S\u00e3o Jo\u00e3o Cl\u00edmaco, S\u00e3o Caetano do Sul, Barueri, Carapicu\u00edba e Osasco. Formou-se em Direito pela extinta FALC.<\/p>\n\n\n\n<p>Exerceu o cargo de professor na ETEC Centro e Oscar Graciano,&nbsp; mant\u00e9m seu principal escrit\u00f3rio de advocacia no centro de Carapicu\u00edba, o qual foi aberto logo ap\u00f3s receber a carteira de Advogado no ano de 2013.<\/p>\n\n\n\n<p>Em sua adolesc\u00eancia estudou na FIEB e ITB, em Barueri, formando-se em T\u00e9cnico em Eletr\u00f4nica.<\/p>\n\n\n\n<p><br>Seu ingresso no mercado de trabalho ocorreu na \u00e1rea de Tecnologia da Informa\u00e7\u00e3o.<\/p>\n\n\n\n<p>Com 18 anos de idade abriu sua primeira empresa na \u00e1rea de montagem e manuten\u00e7\u00e3o de computadores, implementa\u00e7\u00e3o e gerenciamento de redes, telefonia e suporte especializado.<\/p>\n\n\n\n<p><br>Quando da expans\u00e3o da internet na regi\u00e3o e percebendo a precariedade dos servi\u00e7os de ADSL prestados pela extinta telef\u00f4nica, convidou alguns amigos e juntos criaram em 2004 um provedor de internet wireless para servir Alphaville e Regi\u00e3o.<\/p>\n\n\n\n<p><br>Nesta oportunidade, em virtude da burocracia enfrentada para licenciamento das torres de transmiss\u00e3o junto a Anatel, teve seus primeiros contatos com o mundo pol\u00edtico e jur\u00eddico.<\/p>\n\n\n\n<p><br>Mais adiante, deixou a sociedade e com novos investidores ingressou na \u00e1rea de VOIP e converg\u00eancia de redes, sendo esta \u00faltima empreitada na \u00e1rea de Tecnologia da informa\u00e7\u00e3o.<\/p>\n\n\n\n<p><br>Com o amor pelo Direito crescendo dia a dia, em 2007 iniciou o curso de Direito na extinta FALC, sediada em Carapicu\u00edba e ap\u00f3s formado, ingressou no curso de p\u00f3s gradua\u00e7\u00e3o pelo IEC.<\/p>\n\n\n\n<p>Sua vida na advocacia teve in\u00edcio como estagi\u00e1rio na Defensoria P\u00fablica do Estado de S\u00e3o Paulo, sendo aprovado em primeiro lugar no concurso para a sele\u00e7\u00e3o de estagi\u00e1rios, prestando servi\u00e7os jur\u00eddicos nas unidades de Osasco e Carapicu\u00edba.<\/p>\n\n\n\n<p><br>Foi nesse per\u00edodo que enxergou a necessidade de atender os mun\u00edcipes carentes de Carapicu\u00edba e a partir de ent\u00e3o atuou diretamente pela garantia dos direitos da popula\u00e7\u00e3o menos favorecida financeiramente.<\/p>\n\n\n\n<p><br>Foi aprovado no processo seletivo do Centro Paula Souza e lecionou nas unidades da ETEC Centro e Oscar Graciano, Cohab de Carapicu\u00edba, para os cursos de Administra\u00e7\u00e3o, Contabilidade e Log\u00edstica. Oportunidade na qual viu os anseios de crescimento profissional e progresso social em meio a seus jovens alunos.<\/p>\n\n\n\n<p><br>Com a pris\u00e3o de poderosos pol\u00edticos em todas as esferas de poder e a moraliza\u00e7\u00e3o da vida p\u00fablica, em 2019 assumiu a presid\u00eancia do PTB em Carapicu\u00edba onde luta pela garantia dos direitos e o progresso do Munic\u00edpio.<\/p>\n\n\n\n<p><br>Hoje conta com escrit\u00f3rios jur\u00eddicos em Carapicu\u00edba, Osasco e Barueri, oferecendo a oportunidade de trabalho para jovens Advogados e Estagi\u00e1rios. O objetivo \u00e9 form\u00e1-los para o mercado de trabalho visando crescimento pessoal de cada um para que juntos trabalhem no desenvolvimento da regi\u00e3o como um todo, na efetiva fiscaliza\u00e7\u00e3o dos poderes Executivo e Legislativo e na defesa dos direitos da sociedade.<\/p>\n","protected":false},"excerpt":{"rendered":"<p>Quem \u00e9 Henrique Apparicio? Nascido na Zona Leste de S\u00e3o Paulo, morou em Guaianases, Vila Carr\u00e3o, Canga\u00edba, S\u00e3o Jo\u00e3o Cl\u00edmaco, S\u00e3o Caetano do Sul, Barueri, Carapicu\u00edba e Osasco. Formou-se em Direito pela extinta FALC. Exerceu o cargo de professor na ETEC Centro e Oscar Graciano,&nbsp; mant\u00e9m seu principal escrit\u00f3rio de advocacia no centro de Carapicu\u00edba,<\/p><\/div>\n<div class=\"blog-btn\"><a href=\"http:\/\/www.henriqueapparicio.adv.br\/wp\/?page_id=29\" class=\"home-blog-btn\">Ler mais<\/a><\/p>\n","protected":false},"author":1,"featured_media":0,"parent":0,"menu_order":0,"comment_status":"closed","ping_status":"closed","template":"","meta":{"footnotes":""},"class_list":["post-29","page","type-page","status-publish","hentry"],"jetpack_sharing_enabled":true,"_links":{"self":[{"href":"http:\/\/www.henriqueapparicio.adv.br\/wp\/index.php?rest_route=\/wp\/v2\/pages\/29","targetHints":{"allow":["GET"]}}],"collection":[{"href":"http:\/\/www.henriqueapparicio.adv.br\/wp\/index.php?rest_route=\/wp\/v2\/pages"}],"about":[{"href":"http:\/\/www.henriqueapparicio.adv.br\/wp\/index.php?rest_route=\/wp\/v2\/types\/page"}],"author":[{"embeddable":true,"href":"http:\/\/www.henriqueapparicio.adv.br\/wp\/index.php?rest_route=\/wp\/v2\/users\/1"}],"replies":[{"embeddable":true,"href":"http:\/\/www.henriqueapparicio.adv.br\/wp\/index.php?rest_route=%2Fwp%2Fv2%2Fcomments&post=29"}],"version-history":[{"count":23,"href":"http:\/\/www.henriqueapparicio.adv.br\/wp\/index.php?rest_route=\/wp\/v2\/pages\/29\/revisions"}],"predecessor-version":[{"id":204,"href":"http:\/\/www.henriqueapparicio.adv.br\/wp\/index.php?rest_route=\/wp\/v2\/pages\/29\/revisions\/204"}],"wp:attachment":[{"href":"http:\/\/www.henriqueapparicio.adv.br\/wp\/index.php?rest_route=%2Fwp%2Fv2%2Fmedia&parent=29"}],"curies":[{"name":"wp","href":"https:\/\/api.w.org\/{rel}","templated":true}]}}